{"id":106282,"date":"2016-12-22T08:54:02","date_gmt":"2016-12-22T07:54:02","guid":{"rendered":"https:\/\/truckdoctor.nl\/product\/3903601048\/"},"modified":"2016-12-22T08:54:02","modified_gmt":"2016-12-22T07:54:02","slug":"3903601048","status":"publish","type":"product","link":"https:\/\/truckdoctor.nl\/es\/producto\/3903601048\/","title":{"rendered":"LDC-70\/11"},"content":{"rendered":"<p>LDC-70\/11 y LDC-70\/12 &nbsp;Unidad de control de elevaci\u00f3n de filas.&nbsp;Reparaci\u00f3n o cambio (si est\u00e1 en stock).<br \/>Utilizado en las series E20\/25\/30\/35 387 de Linde<\/p>\n","protected":false},"excerpt":{"rendered":"<p>N\u00famero de art\u00edculo: 3903601048, 3903700127, 3903700561<\/p>\n","protected":false},"featured_media":102839,"template":"","meta":{"_et_pb_use_builder":"","_et_pb_old_content":"","_et_gb_content_width":"","inline_featured_image":false},"product_brand":[],"product_cat":[297,669,432],"product_tag":[256],"class_list":{"0":"post-106282","1":"product","2":"type-product","3":"status-publish","4":"has-post-thumbnail","6":"product_cat-linde-es","7":"product_cat-reparatie-es","8":"product_cat-serie-387","9":"product_tag-reparar","11":"first","12":"instock","13":"taxable","14":"shipping-taxable","15":"purchasable","16":"product-type-simple"},"_links":{"self":[{"href":"https:\/\/truckdoctor.nl\/es\/wp-json\/wp\/v2\/product\/106282","targetHints":{"allow":["GET"]}}],"collection":[{"href":"https:\/\/truckdoctor.nl\/es\/wp-json\/wp\/v2\/product"}],"about":[{"href":"https:\/\/truckdoctor.nl\/es\/wp-json\/wp\/v2\/types\/product"}],"wp:featuredmedia":[{"embeddable":true,"href":"https:\/\/truckdoctor.nl\/es\/wp-json\/wp\/v2\/media\/102839"}],"wp:attachment":[{"href":"https:\/\/truckdoctor.nl\/es\/wp-json\/wp\/v2\/media?parent=106282"}],"wp:term":[{"taxonomy":"product_brand","embeddable":true,"href":"https:\/\/truckdoctor.nl\/es\/wp-json\/wp\/v2\/product_brand?post=106282"},{"taxonomy":"product_cat","embeddable":true,"href":"https:\/\/truckdoctor.nl\/es\/wp-json\/wp\/v2\/product_cat?post=106282"},{"taxonomy":"product_tag","embeddable":true,"href":"https:\/\/truckdoctor.nl\/es\/wp-json\/wp\/v2\/product_tag?post=106282"}],"curies":[{"name":"wp","href":"https:\/\/api.w.org\/{rel}","templated":true}]}}