{"id":106203,"date":"2016-03-02T17:53:42","date_gmt":"2016-03-02T16:53:42","guid":{"rendered":"https:\/\/truckdoctor.nl\/product\/3903606331-1\/"},"modified":"2016-03-02T17:53:42","modified_gmt":"2016-03-02T16:53:42","slug":"3903606331-1","status":"publish","type":"product","link":"https:\/\/truckdoctor.nl\/es\/producto\/3903606331-1\/","title":{"rendered":"3903606331"},"content":{"rendered":"<p>LDC-40\/10 CE03<br \/>\nM\u00f3dulo de reparaci\u00f3n o sustituci\u00f3n.<br \/>\nN\u00fameros de art\u00edculo: 3903606331, 3903606319, 3903607719, 3903607731, 3903606348, 3903607748, 3903606347, 3903606381, 3903607747, 3903607781, 3903606346, 3903601300, 3903607746, 3903604300, 3903601310, 3903604310 A partir de s\/n:H2X335P00699, 10 Km\/h versi\u00f3n japonesa. \u00a1LA UNIDAD SE PUEDE AJUSTAR A 15 KM\/H! Quitar el limitador de velocidad es opcional.<\/p>\n","protected":false},"excerpt":{"rendered":"<p>Linde 3903606331<\/p>\n","protected":false},"featured_media":104382,"template":"","meta":{"_et_pb_use_builder":"","_et_pb_old_content":"","_et_gb_content_width":"","inline_featured_image":false},"product_brand":[],"product_cat":[297,669,468],"product_tag":[256],"class_list":{"0":"post-106203","1":"product","2":"type-product","3":"status-publish","4":"has-post-thumbnail","6":"product_cat-linde-es","7":"product_cat-reparatie-es","8":"product_cat-serie-335","9":"product_tag-reparar","11":"first","12":"instock","13":"taxable","14":"shipping-taxable","15":"purchasable","16":"product-type-simple"},"_links":{"self":[{"href":"https:\/\/truckdoctor.nl\/es\/wp-json\/wp\/v2\/product\/106203","targetHints":{"allow":["GET"]}}],"collection":[{"href":"https:\/\/truckdoctor.nl\/es\/wp-json\/wp\/v2\/product"}],"about":[{"href":"https:\/\/truckdoctor.nl\/es\/wp-json\/wp\/v2\/types\/product"}],"wp:featuredmedia":[{"embeddable":true,"href":"https:\/\/truckdoctor.nl\/es\/wp-json\/wp\/v2\/media\/104382"}],"wp:attachment":[{"href":"https:\/\/truckdoctor.nl\/es\/wp-json\/wp\/v2\/media?parent=106203"}],"wp:term":[{"taxonomy":"product_brand","embeddable":true,"href":"https:\/\/truckdoctor.nl\/es\/wp-json\/wp\/v2\/product_brand?post=106203"},{"taxonomy":"product_cat","embeddable":true,"href":"https:\/\/truckdoctor.nl\/es\/wp-json\/wp\/v2\/product_cat?post=106203"},{"taxonomy":"product_tag","embeddable":true,"href":"https:\/\/truckdoctor.nl\/es\/wp-json\/wp\/v2\/product_tag?post=106203"}],"curies":[{"name":"wp","href":"https:\/\/api.w.org\/{rel}","templated":true}]}}