{"id":106155,"date":"2015-12-03T10:50:07","date_gmt":"2015-12-03T09:50:07","guid":{"rendered":"https:\/\/truckdoctor.nl\/product\/3903601790\/"},"modified":"2025-02-14T03:15:36","modified_gmt":"2025-02-14T02:15:36","slug":"3903601790","status":"publish","type":"product","link":"https:\/\/truckdoctor.nl\/es\/producto\/3903601790\/","title":{"rendered":"LAC24 TP"},"content":{"rendered":"<p>Tracci\u00f3n del m\u00f3dulo de potencia LAC 24-TP. Reparaci\u00f3n o cambio (si est\u00e1 en stock).<br \/>\nUtilizado en las series E20\/25\/30\/35 387 de Linde<\/p>\n<p>LAC-24\/10 TP01, LAC-24\/40 TP01 M\u00f3dulo de salida Tracci\u00f3n<br \/>\nutilizado en Linde Fenwick E20\/25\/30\/35 serie 387<\/p>\n","protected":false},"excerpt":{"rendered":"<p>N\u00famero de art\u00edculo: 3903601790, 3903502136<\/p>\n","protected":false},"featured_media":108648,"template":"","meta":{"_et_pb_use_builder":"","_et_pb_old_content":"","_et_gb_content_width":"","inline_featured_image":false},"product_brand":[],"product_cat":[297,669,432],"product_tag":[256],"class_list":{"0":"post-106155","1":"product","2":"type-product","3":"status-publish","4":"has-post-thumbnail","6":"product_cat-linde-es","7":"product_cat-reparatie-es","8":"product_cat-serie-387","9":"product_tag-reparar","11":"first","12":"instock","13":"taxable","14":"shipping-taxable","15":"purchasable","16":"product-type-simple"},"_links":{"self":[{"href":"https:\/\/truckdoctor.nl\/es\/wp-json\/wp\/v2\/product\/106155","targetHints":{"allow":["GET"]}}],"collection":[{"href":"https:\/\/truckdoctor.nl\/es\/wp-json\/wp\/v2\/product"}],"about":[{"href":"https:\/\/truckdoctor.nl\/es\/wp-json\/wp\/v2\/types\/product"}],"wp:featuredmedia":[{"embeddable":true,"href":"https:\/\/truckdoctor.nl\/es\/wp-json\/wp\/v2\/media\/108648"}],"wp:attachment":[{"href":"https:\/\/truckdoctor.nl\/es\/wp-json\/wp\/v2\/media?parent=106155"}],"wp:term":[{"taxonomy":"product_brand","embeddable":true,"href":"https:\/\/truckdoctor.nl\/es\/wp-json\/wp\/v2\/product_brand?post=106155"},{"taxonomy":"product_cat","embeddable":true,"href":"https:\/\/truckdoctor.nl\/es\/wp-json\/wp\/v2\/product_cat?post=106155"},{"taxonomy":"product_tag","embeddable":true,"href":"https:\/\/truckdoctor.nl\/es\/wp-json\/wp\/v2\/product_tag?post=106155"}],"curies":[{"name":"wp","href":"https:\/\/api.w.org\/{rel}","templated":true}]}}