{"id":106132,"date":"2015-12-03T10:05:40","date_gmt":"2015-12-03T09:05:40","guid":{"rendered":"https:\/\/truckdoctor.nl\/product\/3903608806\/"},"modified":"2025-07-03T11:28:20","modified_gmt":"2025-07-03T10:28:20","slug":"3903608806","status":"publish","type":"product","link":"https:\/\/truckdoctor.nl\/es\/producto\/3903608806\/","title":{"rendered":"LES-25\/11 LS01"},"content":{"rendered":"<p>Unidad LES para la direcci\u00f3n asistida. Reparaci\u00f3n o muda (si est\u00e1 disponible).<br \/>\nPara ser utilizado en:<br \/>\nL12\/16 (serie 139)<br \/>\nT20S\/T20SF (serie 144)<br \/>\nN20\/N25 (serie 149) <\/p>\n","protected":false},"excerpt":{"rendered":"<p>N\u00famero de art\u00edculo: 3903608806, 3903608817<\/p>\n","protected":false},"featured_media":108318,"template":"","meta":{"_et_pb_use_builder":"","_et_pb_old_content":"","_et_gb_content_width":"","inline_featured_image":false},"product_brand":[],"product_cat":[297,669,300,298,301],"product_tag":[256],"class_list":{"0":"post-106132","1":"product","2":"type-product","3":"status-publish","4":"has-post-thumbnail","6":"product_cat-linde-es","7":"product_cat-reparatie-es","8":"product_cat-serie-140-es","9":"product_cat-serie-144-es","10":"product_cat-serie-149-es","11":"product_tag-reparar","13":"first","14":"instock","15":"taxable","16":"shipping-taxable","17":"purchasable","18":"product-type-simple"},"_links":{"self":[{"href":"https:\/\/truckdoctor.nl\/es\/wp-json\/wp\/v2\/product\/106132","targetHints":{"allow":["GET"]}}],"collection":[{"href":"https:\/\/truckdoctor.nl\/es\/wp-json\/wp\/v2\/product"}],"about":[{"href":"https:\/\/truckdoctor.nl\/es\/wp-json\/wp\/v2\/types\/product"}],"wp:featuredmedia":[{"embeddable":true,"href":"https:\/\/truckdoctor.nl\/es\/wp-json\/wp\/v2\/media\/108318"}],"wp:attachment":[{"href":"https:\/\/truckdoctor.nl\/es\/wp-json\/wp\/v2\/media?parent=106132"}],"wp:term":[{"taxonomy":"product_brand","embeddable":true,"href":"https:\/\/truckdoctor.nl\/es\/wp-json\/wp\/v2\/product_brand?post=106132"},{"taxonomy":"product_cat","embeddable":true,"href":"https:\/\/truckdoctor.nl\/es\/wp-json\/wp\/v2\/product_cat?post=106132"},{"taxonomy":"product_tag","embeddable":true,"href":"https:\/\/truckdoctor.nl\/es\/wp-json\/wp\/v2\/product_tag?post=106132"}],"curies":[{"name":"wp","href":"https:\/\/api.w.org\/{rel}","templated":true}]}}