{"id":106028,"date":"2015-11-30T15:09:21","date_gmt":"2015-11-30T14:09:21","guid":{"rendered":"https:\/\/truckdoctor.nl\/product\/gill-ontsteking\/"},"modified":"2015-11-30T15:09:21","modified_gmt":"2015-11-30T14:09:21","slug":"gill-ontsteking","status":"publish","type":"product","link":"https:\/\/truckdoctor.nl\/es\/producto\/gill-ontsteking\/","title":{"rendered":"Ignici\u00f3n branquial"},"content":{"rendered":"<p>Serie 392-01: H20\/25<br \/>Serie 393-01: H25\/30\/35<\/p>\n<p>Reparaci\u00f3n del m\u00f3dulo de encendido GILL.&nbsp;N\u00famero de serie: V201-3550<br \/>1 a\u00f1o de garant\u00eda.&nbsp;Llame para conocer las condiciones.<\/p>\n","protected":false},"excerpt":{"rendered":"<p>N\u00famero de art\u00edculo: 7917401715 (1455-001)<\/p>\n","protected":false},"featured_media":102655,"template":"","meta":{"_et_pb_use_builder":"","_et_pb_old_content":"","_et_gb_content_width":"","inline_featured_image":false},"product_brand":[],"product_cat":[297,669,326,327],"product_tag":[256],"class_list":{"0":"post-106028","1":"product","2":"type-product","3":"status-publish","4":"has-post-thumbnail","6":"product_cat-linde-es","7":"product_cat-reparatie-es","8":"product_cat-serie-392","9":"product_cat-serie-393","10":"product_tag-reparar","12":"first","13":"instock","14":"taxable","15":"shipping-taxable","16":"purchasable","17":"product-type-simple"},"_links":{"self":[{"href":"https:\/\/truckdoctor.nl\/es\/wp-json\/wp\/v2\/product\/106028","targetHints":{"allow":["GET"]}}],"collection":[{"href":"https:\/\/truckdoctor.nl\/es\/wp-json\/wp\/v2\/product"}],"about":[{"href":"https:\/\/truckdoctor.nl\/es\/wp-json\/wp\/v2\/types\/product"}],"wp:featuredmedia":[{"embeddable":true,"href":"https:\/\/truckdoctor.nl\/es\/wp-json\/wp\/v2\/media\/102655"}],"wp:attachment":[{"href":"https:\/\/truckdoctor.nl\/es\/wp-json\/wp\/v2\/media?parent=106028"}],"wp:term":[{"taxonomy":"product_brand","embeddable":true,"href":"https:\/\/truckdoctor.nl\/es\/wp-json\/wp\/v2\/product_brand?post=106028"},{"taxonomy":"product_cat","embeddable":true,"href":"https:\/\/truckdoctor.nl\/es\/wp-json\/wp\/v2\/product_cat?post=106028"},{"taxonomy":"product_tag","embeddable":true,"href":"https:\/\/truckdoctor.nl\/es\/wp-json\/wp\/v2\/product_tag?post=106028"}],"curies":[{"name":"wp","href":"https:\/\/api.w.org\/{rel}","templated":true}]}}