{"id":105890,"date":"2018-10-18T13:13:11","date_gmt":"2018-10-18T12:13:11","guid":{"rendered":"https:\/\/truckdoctor.nl\/product\/3903601791\/"},"modified":"2018-10-18T13:13:11","modified_gmt":"2018-10-18T12:13:11","slug":"3903601791","status":"publish","type":"product","link":"https:\/\/truckdoctor.nl\/es\/producto\/3903601791\/","title":{"rendered":"LAC24 SP"},"content":{"rendered":"<p>Elevador de m\u00f3dulo de potencia LAC 24-SP.&nbsp;Reparaci\u00f3n o cambio (si est\u00e1 en stock).<br \/>Utilizado en las series Linde E35\/40\/45\/50 388<\/p>\n<p>Elevador de m\u00f3dulo de potencia LAC-24 SP<br \/>Utilizado en&nbsp;la serie Linde Fenwick E35\/40\/45\/50 388<\/p>\n","protected":false},"excerpt":{"rendered":"<p>N\u00famero de art\u00edculo: 3903601791, 3903502143<\/p>\n","protected":false},"featured_media":102947,"template":"","meta":{"_et_pb_use_builder":"","_et_pb_old_content":"","_et_gb_content_width":"","inline_featured_image":false},"product_brand":[],"product_cat":[297,669,433],"product_tag":[256],"class_list":{"0":"post-105890","1":"product","2":"type-product","3":"status-publish","4":"has-post-thumbnail","6":"product_cat-linde-es","7":"product_cat-reparatie-es","8":"product_cat-serie-388","9":"product_tag-reparar","11":"first","12":"instock","13":"taxable","14":"shipping-taxable","15":"purchasable","16":"product-type-simple"},"_links":{"self":[{"href":"https:\/\/truckdoctor.nl\/es\/wp-json\/wp\/v2\/product\/105890","targetHints":{"allow":["GET"]}}],"collection":[{"href":"https:\/\/truckdoctor.nl\/es\/wp-json\/wp\/v2\/product"}],"about":[{"href":"https:\/\/truckdoctor.nl\/es\/wp-json\/wp\/v2\/types\/product"}],"wp:featuredmedia":[{"embeddable":true,"href":"https:\/\/truckdoctor.nl\/es\/wp-json\/wp\/v2\/media\/102947"}],"wp:attachment":[{"href":"https:\/\/truckdoctor.nl\/es\/wp-json\/wp\/v2\/media?parent=105890"}],"wp:term":[{"taxonomy":"product_brand","embeddable":true,"href":"https:\/\/truckdoctor.nl\/es\/wp-json\/wp\/v2\/product_brand?post=105890"},{"taxonomy":"product_cat","embeddable":true,"href":"https:\/\/truckdoctor.nl\/es\/wp-json\/wp\/v2\/product_cat?post=105890"},{"taxonomy":"product_tag","embeddable":true,"href":"https:\/\/truckdoctor.nl\/es\/wp-json\/wp\/v2\/product_tag?post=105890"}],"curies":[{"name":"wp","href":"https:\/\/api.w.org\/{rel}","templated":true}]}}