{"id":105880,"date":"2018-09-06T10:46:02","date_gmt":"2018-09-06T09:46:02","guid":{"rendered":"https:\/\/truckdoctor.nl\/product\/3903608553\/"},"modified":"2018-09-06T10:46:02","modified_gmt":"2018-09-06T09:46:02","slug":"3903608553","status":"publish","type":"product","link":"https:\/\/truckdoctor.nl\/es\/producto\/3903608553\/","title":{"rendered":"LAC-02 3903608553"},"content":{"rendered":"<p>Control de elevaci\u00f3n de filas Linde LAC-02. Reparaci\u00f3n o cambio (si est\u00e1 en stock). <br \/>Se utiliza en la serie Linde 1152.<\/p>\n<p>N\u00famero de art\u00edculo: 3903608553, 3903608726<\/p>\n","protected":false},"excerpt":{"rendered":"<p>Art\u00edculo 3903608553, 3903608726<\/p>\n","protected":false},"featured_media":102935,"template":"","meta":{"_et_pb_use_builder":"","_et_pb_old_content":"","_et_gb_content_width":"","inline_featured_image":false},"product_brand":[],"product_cat":[297,669,458],"product_tag":[256],"class_list":{"0":"post-105880","1":"product","2":"type-product","3":"status-publish","4":"has-post-thumbnail","6":"product_cat-linde-es","7":"product_cat-reparatie-es","8":"product_cat-serie-1152","9":"product_tag-reparar","11":"first","12":"instock","13":"taxable","14":"shipping-taxable","15":"purchasable","16":"product-type-simple"},"_links":{"self":[{"href":"https:\/\/truckdoctor.nl\/es\/wp-json\/wp\/v2\/product\/105880","targetHints":{"allow":["GET"]}}],"collection":[{"href":"https:\/\/truckdoctor.nl\/es\/wp-json\/wp\/v2\/product"}],"about":[{"href":"https:\/\/truckdoctor.nl\/es\/wp-json\/wp\/v2\/types\/product"}],"wp:featuredmedia":[{"embeddable":true,"href":"https:\/\/truckdoctor.nl\/es\/wp-json\/wp\/v2\/media\/102935"}],"wp:attachment":[{"href":"https:\/\/truckdoctor.nl\/es\/wp-json\/wp\/v2\/media?parent=105880"}],"wp:term":[{"taxonomy":"product_brand","embeddable":true,"href":"https:\/\/truckdoctor.nl\/es\/wp-json\/wp\/v2\/product_brand?post=105880"},{"taxonomy":"product_cat","embeddable":true,"href":"https:\/\/truckdoctor.nl\/es\/wp-json\/wp\/v2\/product_cat?post=105880"},{"taxonomy":"product_tag","embeddable":true,"href":"https:\/\/truckdoctor.nl\/es\/wp-json\/wp\/v2\/product_tag?post=105880"}],"curies":[{"name":"wp","href":"https:\/\/api.w.org\/{rel}","templated":true}]}}