{"id":105753,"date":"2017-06-12T11:24:06","date_gmt":"2017-06-12T10:24:06","guid":{"rendered":"https:\/\/truckdoctor.nl\/product\/ldc-43\/"},"modified":"2025-01-15T10:46:38","modified_gmt":"2025-01-15T09:46:38","slug":"ldc-43","status":"publish","type":"product","link":"https:\/\/truckdoctor.nl\/es\/producto\/ldc-43\/","title":{"rendered":"LDC-43\/10"},"content":{"rendered":"<p>Reparaci\u00f3n o cambio (si est\u00e1 en stock) Este m\u00f3dulo combinado se utiliza en: Linde E25-02, E30-02, 336-02 series<\/p>\n","protected":false},"excerpt":{"rendered":"<p>Linde 3903606368, Linde 3903601452<\/p>\n","protected":false},"featured_media":106365,"template":"","meta":{"_et_pb_use_builder":"","_et_pb_old_content":"","_et_gb_content_width":"","inline_featured_image":false},"product_brand":[],"product_cat":[297,669,314],"product_tag":[256],"class_list":{"0":"post-105753","1":"product","2":"type-product","3":"status-publish","4":"has-post-thumbnail","6":"product_cat-linde-es","7":"product_cat-reparatie-es","8":"product_cat-serie-336-es","9":"product_tag-reparar","11":"first","12":"instock","13":"taxable","14":"shipping-taxable","15":"purchasable","16":"product-type-simple"},"_links":{"self":[{"href":"https:\/\/truckdoctor.nl\/es\/wp-json\/wp\/v2\/product\/105753","targetHints":{"allow":["GET"]}}],"collection":[{"href":"https:\/\/truckdoctor.nl\/es\/wp-json\/wp\/v2\/product"}],"about":[{"href":"https:\/\/truckdoctor.nl\/es\/wp-json\/wp\/v2\/types\/product"}],"wp:featuredmedia":[{"embeddable":true,"href":"https:\/\/truckdoctor.nl\/es\/wp-json\/wp\/v2\/media\/106365"}],"wp:attachment":[{"href":"https:\/\/truckdoctor.nl\/es\/wp-json\/wp\/v2\/media?parent=105753"}],"wp:term":[{"taxonomy":"product_brand","embeddable":true,"href":"https:\/\/truckdoctor.nl\/es\/wp-json\/wp\/v2\/product_brand?post=105753"},{"taxonomy":"product_cat","embeddable":true,"href":"https:\/\/truckdoctor.nl\/es\/wp-json\/wp\/v2\/product_cat?post=105753"},{"taxonomy":"product_tag","embeddable":true,"href":"https:\/\/truckdoctor.nl\/es\/wp-json\/wp\/v2\/product_tag?post=105753"}],"curies":[{"name":"wp","href":"https:\/\/api.w.org\/{rel}","templated":true}]}}