{"id":105605,"date":"2019-11-18T08:48:36","date_gmt":"2019-11-18T08:48:36","guid":{"rendered":"https:\/\/truckdoctor.nl\/product\/160038\/"},"modified":"2019-11-18T08:48:36","modified_gmt":"2019-11-18T07:48:36","slug":"160038","status":"publish","type":"product","link":"https:\/\/truckdoctor.nl\/es\/producto\/160038\/","title":{"rendered":"160038"},"content":{"rendered":"<p>PCB, m\u00f3dulo A9:&nbsp; Todav\u00eda R60-22, R60-25 con n\u00famero de modelo: <br \/>R60 6042 &#8211; R6045&nbsp;<br \/>Reparaci\u00f3n o cambio (si est\u00e1 en stock).<\/p>\n","protected":false},"excerpt":{"rendered":"<p>N\u00famero de art\u00edculo: 160038<\/p>\n","protected":false},"featured_media":103015,"template":"","meta":{"_et_pb_use_builder":"","_et_pb_old_content":"","_et_gb_content_width":"","inline_featured_image":false},"product_brand":[],"product_cat":[447,669,362],"product_tag":[256],"class_list":{"0":"post-105605","1":"product","2":"type-product","3":"status-publish","4":"has-post-thumbnail","6":"product_cat-r60-25-es","7":"product_cat-reparatie-es","8":"product_cat-still-es","9":"product_tag-reparar","11":"first","12":"instock","13":"taxable","14":"shipping-taxable","15":"purchasable","16":"product-type-simple"},"_links":{"self":[{"href":"https:\/\/truckdoctor.nl\/es\/wp-json\/wp\/v2\/product\/105605","targetHints":{"allow":["GET"]}}],"collection":[{"href":"https:\/\/truckdoctor.nl\/es\/wp-json\/wp\/v2\/product"}],"about":[{"href":"https:\/\/truckdoctor.nl\/es\/wp-json\/wp\/v2\/types\/product"}],"wp:featuredmedia":[{"embeddable":true,"href":"https:\/\/truckdoctor.nl\/es\/wp-json\/wp\/v2\/media\/103015"}],"wp:attachment":[{"href":"https:\/\/truckdoctor.nl\/es\/wp-json\/wp\/v2\/media?parent=105605"}],"wp:term":[{"taxonomy":"product_brand","embeddable":true,"href":"https:\/\/truckdoctor.nl\/es\/wp-json\/wp\/v2\/product_brand?post=105605"},{"taxonomy":"product_cat","embeddable":true,"href":"https:\/\/truckdoctor.nl\/es\/wp-json\/wp\/v2\/product_cat?post=105605"},{"taxonomy":"product_tag","embeddable":true,"href":"https:\/\/truckdoctor.nl\/es\/wp-json\/wp\/v2\/product_tag?post=105605"}],"curies":[{"name":"wp","href":"https:\/\/api.w.org\/{rel}","templated":true}]}}