{"id":105513,"date":"2023-06-22T13:03:31","date_gmt":"2023-06-22T12:03:31","guid":{"rendered":"https:\/\/truckdoctor.nl\/product\/3903703035\/"},"modified":"2023-06-22T13:03:31","modified_gmt":"2023-06-22T12:03:31","slug":"3903703035","status":"publish","type":"product","link":"https:\/\/truckdoctor.nl\/es\/producto\/3903703035\/","title":{"rendered":"LAC-02 3903703035"},"content":{"rendered":"<p>Todav\u00eda Rij- Heffenregeling LAC-02. Reparaci\u00f3n o cambio (si est\u00e1 en stock). <br \/>Se utiliza en alambique.<\/p>\n<p>&nbsp;N\u00famero de pieza 3903703035<\/p>\n","protected":false},"excerpt":{"rendered":"<p>Art\u00edculo 3903703035<\/p>\n","protected":false},"featured_media":102935,"template":"","meta":{"_et_pb_use_builder":"","_et_pb_old_content":"","_et_gb_content_width":"","inline_featured_image":false},"product_brand":[],"product_cat":[392,669,362],"product_tag":[256],"class_list":{"0":"post-105513","1":"product","2":"type-product","3":"status-publish","4":"has-post-thumbnail","6":"product_cat-exv12-es","7":"product_cat-reparatie-es","8":"product_cat-still-es","9":"product_tag-reparar","11":"first","12":"instock","13":"taxable","14":"shipping-taxable","15":"purchasable","16":"product-type-simple"},"_links":{"self":[{"href":"https:\/\/truckdoctor.nl\/es\/wp-json\/wp\/v2\/product\/105513","targetHints":{"allow":["GET"]}}],"collection":[{"href":"https:\/\/truckdoctor.nl\/es\/wp-json\/wp\/v2\/product"}],"about":[{"href":"https:\/\/truckdoctor.nl\/es\/wp-json\/wp\/v2\/types\/product"}],"wp:featuredmedia":[{"embeddable":true,"href":"https:\/\/truckdoctor.nl\/es\/wp-json\/wp\/v2\/media\/102935"}],"wp:attachment":[{"href":"https:\/\/truckdoctor.nl\/es\/wp-json\/wp\/v2\/media?parent=105513"}],"wp:term":[{"taxonomy":"product_brand","embeddable":true,"href":"https:\/\/truckdoctor.nl\/es\/wp-json\/wp\/v2\/product_brand?post=105513"},{"taxonomy":"product_cat","embeddable":true,"href":"https:\/\/truckdoctor.nl\/es\/wp-json\/wp\/v2\/product_cat?post=105513"},{"taxonomy":"product_tag","embeddable":true,"href":"https:\/\/truckdoctor.nl\/es\/wp-json\/wp\/v2\/product_tag?post=105513"}],"curies":[{"name":"wp","href":"https:\/\/api.w.org\/{rel}","templated":true}]}}