{"id":105446,"date":"2025-01-06T11:58:01","date_gmt":"2025-01-06T10:58:01","guid":{"rendered":"https:\/\/truckdoctor.nl\/product\/demineralisatietoestel\/"},"modified":"2025-01-06T11:58:01","modified_gmt":"2025-01-06T10:58:01","slug":"demineralisatietoestel","status":"publish","type":"product","link":"https:\/\/truckdoctor.nl\/es\/producto\/demineralisatietoestel\/","title":{"rendered":"Desmineralizadores"},"content":{"rendered":"<p>Dispositivo de agua desmineralizada, para filtrar el agua del grifo en agua desmineralizada que se puede utilizar para rellenar sus bater\u00edas h\u00famedas de plomo-\u00e1cido.<br \/>\nHasta 2.400 litros de agua del grifo filtrada.<br \/>\nCon indicador. Indica si es necesario reemplazar el cartucho.<br \/>\nEl cartucho se puede pedir por separado. <\/p>\n","protected":false},"excerpt":{"rendered":"<p>Convierte el agua del grifo en agua desmineralizada para llenar bater\u00edas de plomo\/\u00e1cido<\/p>\n","protected":false},"featured_media":104170,"template":"","meta":{"_et_pb_use_builder":"","_et_pb_old_content":"","_et_gb_content_width":"","inline_featured_image":false},"product_brand":[],"product_cat":[316],"product_tag":[255],"class_list":{"0":"post-105446","1":"product","2":"type-product","3":"status-publish","4":"has-post-thumbnail","6":"product_cat-webshop-es","7":"product_tag-venta","8":"product_shipping_class-pesado","10":"first","11":"instock","12":"taxable","13":"shipping-taxable","14":"purchasable","15":"product-type-simple"},"_links":{"self":[{"href":"https:\/\/truckdoctor.nl\/es\/wp-json\/wp\/v2\/product\/105446","targetHints":{"allow":["GET"]}}],"collection":[{"href":"https:\/\/truckdoctor.nl\/es\/wp-json\/wp\/v2\/product"}],"about":[{"href":"https:\/\/truckdoctor.nl\/es\/wp-json\/wp\/v2\/types\/product"}],"wp:featuredmedia":[{"embeddable":true,"href":"https:\/\/truckdoctor.nl\/es\/wp-json\/wp\/v2\/media\/104170"}],"wp:attachment":[{"href":"https:\/\/truckdoctor.nl\/es\/wp-json\/wp\/v2\/media?parent=105446"}],"wp:term":[{"taxonomy":"product_brand","embeddable":true,"href":"https:\/\/truckdoctor.nl\/es\/wp-json\/wp\/v2\/product_brand?post=105446"},{"taxonomy":"product_cat","embeddable":true,"href":"https:\/\/truckdoctor.nl\/es\/wp-json\/wp\/v2\/product_cat?post=105446"},{"taxonomy":"product_tag","embeddable":true,"href":"https:\/\/truckdoctor.nl\/es\/wp-json\/wp\/v2\/product_tag?post=105446"}],"curies":[{"name":"wp","href":"https:\/\/api.w.org\/{rel}","templated":true}]}}