{"id":103422,"date":"2021-06-03T05:55:04","date_gmt":"2021-06-03T04:55:04","guid":{"rendered":"https:\/\/truckdoctor.nl\/carrito\/"},"modified":"2025-01-29T00:26:38","modified_gmt":"2025-01-28T23:26:38","slug":"winkelwagen","status":"publish","type":"page","link":"https:\/\/truckdoctor.nl\/es\/winkelwagen\/","title":{"rendered":"Carrito"},"content":{"rendered":"<p>[et_pb_section fb_built=&#8221;1&#8243; module_class=&#8221;molti-cart-area&#8221; _builder_version=&#8221;4.27.4&#8243; _module_preset=&#8221;default&#8221; display_conditions=&#8221;W3siaWQiOiJlYTg4M2Y0MC1lOTQ3LTRhZmEtYjAwZi0yNTlmNTc5NmNkMDkiLCJjb25kaXRpb24iOiJjYXJ0Q29udGVudHMiLCJjb25kaXRpb25TZXR0aW5ncyI6eyJkaXNwbGF5UnVsZSI6Imhhc1Byb2R1Y3RzIiwicHJvZHVjdHMiOltdLCJhZG1pbkxhYmVsIjoiU2hvdyBJZiB0aGVyZSBhcmUgUHJvZHVjdHMgaW4gQ2FydCIsImVuYWJsZUNvbmRpdGlvbiI6Im9uIn0sIm9wZXJhdG9yIjoiT1IifV0=&#8221; global_colors_info=&#8221;{}&#8221;][et_pb_row _builder_version=&#8221;4.16&#8243; _module_preset=&#8221;default&#8221; custom_padding=&#8221;||0px|||&#8221; global_colors_info=&#8221;{}&#8221;][et_pb_column type=&#8221;4_4&#8243; _builder_version=&#8221;4.16&#8243; _module_preset=&#8221;default&#8221; global_colors_info=&#8221;{}&#8221;][et_pb_text _builder_version=&#8221;4.27.4&#8243; _module_preset=&#8221;default&#8221; header_3_font=&#8221;|700|||||||&#8221; header_3_font_size=&#8221;25px&#8221; hover_enabled=&#8221;0&#8243; global_colors_info=&#8221;{}&#8221; sticky_enabled=&#8221;0&#8243;]<\/p>\n<h3><span style=\"color: #ba1124;\">Carrito<\/span><\/h3>\n<p>[\/et_pb_text][\/et_pb_column][\/et_pb_row][et_pb_row _builder_version=&#8221;4.16&#8243; _module_preset=&#8221;default&#8221; custom_padding=&#8221;||0px|||&#8221; global_colors_info=&#8221;{}&#8221;][et_pb_column type=&#8221;4_4&#8243; _builder_version=&#8221;4.16&#8243; _module_preset=&#8221;default&#8221; global_colors_info=&#8221;{}&#8221;][et_pb_wc_cart_notice _builder_version=&#8221;4.27.4&#8243; _module_preset=&#8221;default&#8221; form_field_background_color=&#8221;#FFFFFF&#8221; form_field_focus_background_color=&#8221;#FFFFFF&#8221; form_field_custom_padding=&#8221;13px|10px|13px|10px|true|true&#8221; custom_button=&#8221;on&#8221; button_custom_padding=&#8221;13px||13px||true|false&#8221; border_width_all=&#8221;2px&#8221; border_color_all=&#8221;#eeeeee&#8221; border_radii_form_field=&#8221;on|5px|5px|5px|5px&#8221; border_width_all_form_field=&#8221;2px&#8221; border_color_all_form_field=&#8221;#eeeeee&#8221; locked=&#8221;off&#8221; global_colors_info=&#8221;{}&#8221;][\/et_pb_wc_cart_notice][\/et_pb_column][\/et_pb_row][et_pb_row column_structure=&#8221;2_3,1_3&#8243; _builder_version=&#8221;4.16&#8243; _module_preset=&#8221;default&#8221; global_colors_info=&#8221;{}&#8221;][et_pb_column type=&#8221;2_3&#8243; _builder_version=&#8221;4.16&#8243; _module_preset=&#8221;default&#8221; global_colors_info=&#8221;{}&#8221;][et_pb_wc_cart_products placeholder_color=&#8221;#000000&#8243; _builder_version=&#8221;4.27.4&#8243; _module_preset=&#8221;default&#8221; form_field_background_color=&#8221;#FFFFFF&#8221; form_field_focus_text_color=&#8221;#000000&#8243; form_field_custom_padding=&#8221;12px||12px||true|false&#8221; link_font=&#8221;|600|||||||&#8221; link_text_color=&#8221;#000000&#8243; custom_button=&#8221;on&#8221; button_custom_padding=&#8221;13px||13px||true|false&#8221; custom_disabled_button=&#8221;on&#8221; disabled_button_text_size=&#8221;0px&#8221; disabled_button_use_icon=&#8221;off&#8221; disabled_button_custom_padding=&#8221;0px|0px|0px|0px|true|true&#8221; custom_css_product_image=&#8221;width:70px !important;||padding:6px;&#8221; custom_css_disabled_button=&#8221;opacity:0;&#8221; border_radii_image=&#8221;on|5px|5px|5px|5px&#8221; border_width_all_image=&#8221;1px&#8221; border_color_all_image=&#8221;#eeeeee&#8221; border_width_all_table=&#8221;0px&#8221; border_radii_form_field=&#8221;on|6px|6px|6px|6px&#8221; border_width_all_form_field=&#8221;1px&#8221; global_colors_info=&#8221;{}&#8221; link_text_color__hover_enabled=&#8221;on|desktop&#8221; link_text_color__hover=&#8221;#FF8057&#8243;][\/et_pb_wc_cart_products][\/et_pb_column][et_pb_column type=&#8221;1_3&#8243; _builder_version=&#8221;4.16&#8243; _module_preset=&#8221;default&#8221; global_colors_info=&#8221;{}&#8221;][et_pb_wc_cart_totals vertical_gutter_width=&#8221;7px&#8221; _builder_version=&#8221;4.19.5&#8243; _module_preset=&#8221;default&#8221; title_font=&#8221;|600|||||||&#8221; title_text_color=&#8221;#FFFFFF&#8221; title_font_size=&#8221;22px&#8221; column_label_font=&#8221;|600|||||||&#8221; column_label_text_color=&#8221;#FFFFFF&#8221; body_text_color=&#8221;#FFFFFF&#8221; background_color=&#8221;#363a45&#8243; custom_button=&#8221;on&#8221; button_text_size=&#8221;13px&#8221; button_use_icon=&#8221;off&#8221; button_custom_padding=&#8221;14px|1em|14px|1em|true|false&#8221; custom_padding=&#8221;50px|20px|30px|20px|false|true&#8221; border_radii=&#8221;on|8px|8px|8px|8px&#8221; border_width_all_table=&#8221;0px&#8221; border_color_top_table_cell=&#8221;RGBA(255,255,255,0)&#8221; box_shadow_style=&#8221;preset1&#8243; box_shadow_vertical=&#8221;13px&#8221; box_shadow_blur=&#8221;37px&#8221; box_shadow_color=&#8221;rgba(0,0,0,0.19)&#8221; global_colors_info=&#8221;{}&#8221;][\/et_pb_wc_cart_totals][\/et_pb_column][\/et_pb_row][\/et_pb_section][et_pb_section fb_built=&#8221;1&#8243; _builder_version=&#8221;4.27.4&#8243; _module_preset=&#8221;default&#8221; background_image=&#8221;https:\/\/truckdoctor.nl\/wp-content\/uploads\/2024\/11\/Background.png&#8221; background_size=&#8221;initial&#8221; background_position=&#8221;top_left&#8221; display_conditions=&#8221;W3siaWQiOiJhM2NhMzhhMi0wNTQxLTRhNGEtYTA3MS0xZjk5MGE1YWMyZmEiLCJjb25kaXRpb24iOiJjYXJ0Q29udGVudHMiLCJjb25kaXRpb25TZXR0aW5ncyI6eyJkaXNwbGF5UnVsZSI6ImlzRW1wdHkiLCJwcm9kdWN0cyI6W10sImFkbWluTGFiZWwiOiJTaG93IElmIENhcnQgSXMgRW1wdHkiLCJlbmFibGVDb25kaXRpb24iOiJvbiJ9LCJvcGVyYXRvciI6Ik9SIn1d&#8221; custom_margin=&#8221;||-27px|||&#8221; custom_padding=&#8221;||85px|||&#8221; locked=&#8221;off&#8221; global_colors_info=&#8221;{}&#8221;][et_pb_row _builder_version=&#8221;4.16&#8243; _module_preset=&#8221;default&#8221; global_colors_info=&#8221;{}&#8221;][et_pb_column type=&#8221;4_4&#8243; _builder_version=&#8221;4.16&#8243; _module_preset=&#8221;default&#8221; global_colors_info=&#8221;{}&#8221;][et_pb_text _builder_version=&#8221;4.27.4&#8243; _module_preset=&#8221;default&#8221; header_3_font=&#8221;|700|||||||&#8221; header_3_text_align=&#8221;center&#8221; header_3_font_size=&#8221;34px&#8221; custom_margin=&#8221;35px||5px||false|false&#8221; header_3_font_size_tablet=&#8221;&#8221; header_3_font_size_phone=&#8221;20px&#8221; header_3_font_size_last_edited=&#8221;on|phone&#8221; header_3_line_height_tablet=&#8221;&#8221; header_3_line_height_phone=&#8221;1.3em&#8221; header_3_line_height_last_edited=&#8221;on|phone&#8221; global_colors_info=&#8221;{}&#8221;]<\/p>\n<h3>Oh oh&#8230; <span style=\"color: #ba1124;\"> \u00a1Tu carrito est\u00e1 vac\u00edo<\/span>! <\/h3>\n<p>[\/et_pb_text][et_pb_text _builder_version=&#8221;4.27.4&#8243; _module_preset=&#8221;default&#8221; text_font_size=&#8221;15px&#8221; width=&#8221;55%&#8221; width_tablet=&#8221;86%&#8221; width_phone=&#8221;&#8221; width_last_edited=&#8221;on|tablet&#8221; module_alignment=&#8221;center&#8221; text_font_size_tablet=&#8221;&#8221; text_font_size_phone=&#8221;13px&#8221; text_font_size_last_edited=&#8221;on|phone&#8221; text_line_height_tablet=&#8221;1.8em&#8221; text_line_height_phone=&#8221;1.5em&#8221; text_line_height_last_edited=&#8221;on|tablet&#8221; global_colors_info=&#8221;{}&#8221;]<\/p>\n<p style=\"text-align: center;\">Parece que no hay nada en tu carrito en este momento. Haga clic en el bot\u00f3n de abajo para comprar nuestros productos. <\/p>\n<p>[\/et_pb_text][et_pb_button button_url=&#8221;@ET-DC@eyJkeW5hbWljIjp0cnVlLCJjb250ZW50IjoicG9zdF9saW5rX3VybF9wYWdlIiwic2V0dGluZ3MiOnsicG9zdF9pZCI6IjEwMDgxNSJ9fQ==@&#8221; button_text=&#8221;Ver los productos&#8221; button_alignment=&#8221;center&#8221; button_text_tablet=&#8221;Compre nuestros productos ahora&#8221; button_text_phone=&#8221;Tienda de productos&#8221; button_text_last_edited=&#8221;on|phone&#8221; _builder_version=&#8221;4.27.4&#8243; _dynamic_attributes=&#8221;button_url&#8221; _module_preset=&#8221;default&#8221; global_colors_info=&#8221;{}&#8221;][\/et_pb_button][\/et_pb_column][\/et_pb_row][\/et_pb_section][et_pb_section fb_built=&#8221;1&#8243; _builder_version=&#8221;4.27.4&#8243; _module_preset=&#8221;default&#8221; background_color=&#8221;#FFFFFF&#8221; z_index=&#8221;5&#8243; custom_padding=&#8221;||||false|false&#8221; locked=&#8221;off&#8221; global_colors_info=&#8221;{}&#8221;][et_pb_row column_structure=&#8221;1_3,1_3,1_3&#8243; _builder_version=&#8221;4.16&#8243; _module_preset=&#8221;default&#8221; global_colors_info=&#8221;{}&#8221;][et_pb_column type=&#8221;1_3&#8243; _builder_version=&#8221;4.16&#8243; _module_preset=&#8221;default&#8221; global_colors_info=&#8221;{}&#8221;][et_pb_blurb title=&#8221;Localizable v\u00eda whatsapp&#8221; use_icon=&#8221;on&#8221; font_icon=&#8221;&#xf232;||fa||400&#8243; icon_color=&#8221;#BA1124&#8243; image_icon_width=&#8221;50px&#8221; _builder_version=&#8221;4.27.4&#8243; _module_preset=&#8221;default&#8221; header_font=&#8221;&#8211;et_global_heading_font|700|||||||&#8221; header_font_size=&#8221;20px&#8221; header_letter_spacing=&#8221;1px&#8221; body_text_color=&#8221;rgba(0,0,0,0.58)&#8221; body_line_height=&#8221;1.8em&#8221; text_orientation=&#8221;center&#8221; animation=&#8221;off&#8221; image_max_width=&#8221;25%&#8221; global_colors_info=&#8221;{}&#8221;]\u00a1Haz tu pregunta t\u00e9cnica a trav\u00e9s de Whats-app y siempre responderemos r\u00e1pidamente!<br \/>\n[\/et_pb_blurb][\/et_pb_column][et_pb_column type=&#8221;1_3&#8243; _builder_version=&#8221;4.16&#8243; _module_preset=&#8221;default&#8221; global_colors_info=&#8221;{}&#8221;][et_pb_blurb title=&#8221;Env\u00edos a todo el mundo&#8221; use_icon=&#8221;on&#8221; font_icon=&#8221;&#xf0d1;||fa||900&#8243; icon_color=&#8221;#BA1124&#8243; image_icon_width=&#8221;50px&#8221; _builder_version=&#8221;4.27.4&#8243; _module_preset=&#8221;default&#8221; header_font=&#8221;&#8211;et_global_heading_font|700|||||||&#8221; header_font_size=&#8221;20px&#8221; header_letter_spacing=&#8221;1px&#8221; body_text_color=&#8221;rgba(0,0,0,0.58)&#8221; body_line_height=&#8221;1.8em&#8221; text_orientation=&#8221;center&#8221; animation=&#8221;off&#8221; image_max_width=&#8221;25%&#8221; locked=&#8221;off&#8221; global_colors_info=&#8221;{}&#8221;]<\/p>\n<p>Enviamos productos y m\u00f3dulos a todo el mundo. Sin problemas, con seguridad y rapidez. <\/p>\n<p>[\/et_pb_blurb][\/et_pb_column][et_pb_column type=&#8221;1_3&#8243; _builder_version=&#8221;4.16&#8243; _module_preset=&#8221;default&#8221; global_colors_info=&#8221;{}&#8221;][et_pb_blurb title=&#8221;Compras seguras&#8221; use_icon=&#8221;on&#8221; font_icon=&#8221;&#xe06c;||divi||400&#8243; icon_color=&#8221;#BA1124&#8243; image_icon_width=&#8221;50px&#8221; _builder_version=&#8221;4.27.4&#8243; _module_preset=&#8221;default&#8221; header_font=&#8221;&#8211;et_global_heading_font|700|||||||&#8221; header_font_size=&#8221;20px&#8221; header_letter_spacing=&#8221;1px&#8221; body_text_color=&#8221;rgba(0,0,0,0.58)&#8221; body_line_height=&#8221;1.8em&#8221; text_orientation=&#8221;center&#8221; animation=&#8221;off&#8221; image_max_width=&#8221;25%&#8221; locked=&#8221;off&#8221; global_colors_info=&#8221;{}&#8221;]Pide y paga tus piezas directamente. Pedidos antes de las 17:00: \u00a1env\u00edo el mismo d\u00eda!<br \/>\n[\/et_pb_blurb][\/et_pb_column][\/et_pb_row][\/et_pb_section]<\/p>\n","protected":false},"excerpt":{"rendered":"<p>CarritoOh oh&#8230; \u00a1Tu carrito est\u00e1 vac\u00edo! Parece que no hay nada en tu carrito en este momento. Haga clic en el bot\u00f3n de abajo para comprar nuestros productos. \u00a1Haz tu pregunta t\u00e9cnica a trav\u00e9s de Whats-app y siempre responderemos r\u00e1pidamente! Enviamos productos y m\u00f3dulos a todo el mundo. Sin problemas, con seguridad y rapidez. Pide [&hellip;]<\/p>\n","protected":false},"author":1,"featured_media":0,"parent":0,"menu_order":0,"comment_status":"closed","ping_status":"closed","template":"","meta":{"_et_pb_use_builder":"on","_et_pb_old_content":"","_et_gb_content_width":"","inline_featured_image":false,"footnotes":""},"class_list":["post-103422","page","type-page","status-publish","hentry"],"_links":{"self":[{"href":"https:\/\/truckdoctor.nl\/es\/wp-json\/wp\/v2\/pages\/103422","targetHints":{"allow":["GET"]}}],"collection":[{"href":"https:\/\/truckdoctor.nl\/es\/wp-json\/wp\/v2\/pages"}],"about":[{"href":"https:\/\/truckdoctor.nl\/es\/wp-json\/wp\/v2\/types\/page"}],"author":[{"embeddable":true,"href":"https:\/\/truckdoctor.nl\/es\/wp-json\/wp\/v2\/users\/1"}],"replies":[{"embeddable":true,"href":"https:\/\/truckdoctor.nl\/es\/wp-json\/wp\/v2\/comments?post=103422"}],"version-history":[{"count":3,"href":"https:\/\/truckdoctor.nl\/es\/wp-json\/wp\/v2\/pages\/103422\/revisions"}],"predecessor-version":[{"id":108005,"href":"https:\/\/truckdoctor.nl\/es\/wp-json\/wp\/v2\/pages\/103422\/revisions\/108005"}],"wp:attachment":[{"href":"https:\/\/truckdoctor.nl\/es\/wp-json\/wp\/v2\/media?parent=103422"}],"curies":[{"name":"wp","href":"https:\/\/api.w.org\/{rel}","templated":true}]}}