{"id":106032,"date":"2015-12-01T10:01:50","date_gmt":"2015-12-01T09:01:50","guid":{"rendered":"https:\/\/truckdoctor.nl\/product\/51044544\/"},"modified":"2015-12-01T10:01:50","modified_gmt":"2015-12-01T09:01:50","slug":"51044544","status":"publish","type":"product","link":"https:\/\/truckdoctor.nl\/de\/produkt\/51044544\/","title":{"rendered":"Internes Ladeger\u00e4t"},"content":{"rendered":"<p>Reparatur Einbauladeger\u00e4t Jungheinrich:&nbsp; u.a. f\u00fcr Typ EJE116<\/p>\n","protected":false},"excerpt":{"rendered":"<p>Artikelnummer: 51044544<\/p>\n","protected":false},"featured_media":102657,"template":"","meta":{"_et_pb_use_builder":"","_et_pb_old_content":"","_et_gb_content_width":"","inline_featured_image":false},"product_brand":[],"product_cat":[593,310,666],"product_tag":[252],"class_list":{"0":"post-106032","1":"product","2":"type-product","3":"status-publish","4":"has-post-thumbnail","6":"product_cat-eje116-de","7":"product_cat-jungheinrich-de","8":"product_cat-reparatie-de","9":"product_tag-reparieren","11":"first","12":"instock","13":"taxable","14":"shipping-taxable","15":"purchasable","16":"product-type-simple"},"_links":{"self":[{"href":"https:\/\/truckdoctor.nl\/de\/wp-json\/wp\/v2\/product\/106032","targetHints":{"allow":["GET"]}}],"collection":[{"href":"https:\/\/truckdoctor.nl\/de\/wp-json\/wp\/v2\/product"}],"about":[{"href":"https:\/\/truckdoctor.nl\/de\/wp-json\/wp\/v2\/types\/product"}],"wp:featuredmedia":[{"embeddable":true,"href":"https:\/\/truckdoctor.nl\/de\/wp-json\/wp\/v2\/media\/102657"}],"wp:attachment":[{"href":"https:\/\/truckdoctor.nl\/de\/wp-json\/wp\/v2\/media?parent=106032"}],"wp:term":[{"taxonomy":"product_brand","embeddable":true,"href":"https:\/\/truckdoctor.nl\/de\/wp-json\/wp\/v2\/product_brand?post=106032"},{"taxonomy":"product_cat","embeddable":true,"href":"https:\/\/truckdoctor.nl\/de\/wp-json\/wp\/v2\/product_cat?post=106032"},{"taxonomy":"product_tag","embeddable":true,"href":"https:\/\/truckdoctor.nl\/de\/wp-json\/wp\/v2\/product_tag?post=106032"}],"curies":[{"name":"wp","href":"https:\/\/api.w.org\/{rel}","templated":true}]}}