{"id":105944,"date":"2019-08-27T08:35:58","date_gmt":"2019-08-27T07:35:58","guid":{"rendered":"https:\/\/truckdoctor.nl\/product\/can-20l-quick-connect\/"},"modified":"2019-08-27T08:35:58","modified_gmt":"2019-08-27T07:35:58","slug":"can-20l-quick-connect","status":"publish","type":"product","link":"https:\/\/truckdoctor.nl\/de\/produkt\/can-20l-quick-connect\/","title":{"rendered":"Trommel 20L Schnellkupplung"},"content":{"rendered":"<p>Gef\u00e4\u00df f\u00fcr demineralisiertes Wasser.<br \/>\nLieferumfang:<br \/>\n&#8211; flexibler Wasserschlauch, transparent<br \/>\n&#8211; Kappe mit Hahn<br \/>\n&#8211; Durchflussanzeige<br \/>\n&#8211; Schnellkupplung<\/p>\n<p>&nbsp;<\/p>\n","protected":false},"excerpt":{"rendered":"<p>Fass 20L (leer)<\/p>\n","protected":false},"featured_media":104190,"template":"","meta":{"_et_pb_use_builder":"off","_et_pb_old_content":"Fass gef\u00fcllt mit 20 Litern demineralisiertem Wasser.\nLieferumfang:\n- flexibler Wasserschlauch, transparent\n- Kappe mit Hahn\n- Durchflussanzeige\n- Schnellkupplung\n\n ","_et_gb_content_width":"","inline_featured_image":false},"product_brand":[],"product_cat":[320],"product_tag":[251],"class_list":{"0":"post-105944","1":"product","2":"type-product","3":"status-publish","4":"has-post-thumbnail","6":"product_cat-webshop-de","7":"product_tag-verkauf","9":"first","10":"instock","11":"featured","12":"taxable","13":"shipping-taxable","14":"purchasable","15":"product-type-simple"},"_links":{"self":[{"href":"https:\/\/truckdoctor.nl\/de\/wp-json\/wp\/v2\/product\/105944","targetHints":{"allow":["GET"]}}],"collection":[{"href":"https:\/\/truckdoctor.nl\/de\/wp-json\/wp\/v2\/product"}],"about":[{"href":"https:\/\/truckdoctor.nl\/de\/wp-json\/wp\/v2\/types\/product"}],"wp:featuredmedia":[{"embeddable":true,"href":"https:\/\/truckdoctor.nl\/de\/wp-json\/wp\/v2\/media\/104190"}],"wp:attachment":[{"href":"https:\/\/truckdoctor.nl\/de\/wp-json\/wp\/v2\/media?parent=105944"}],"wp:term":[{"taxonomy":"product_brand","embeddable":true,"href":"https:\/\/truckdoctor.nl\/de\/wp-json\/wp\/v2\/product_brand?post=105944"},{"taxonomy":"product_cat","embeddable":true,"href":"https:\/\/truckdoctor.nl\/de\/wp-json\/wp\/v2\/product_cat?post=105944"},{"taxonomy":"product_tag","embeddable":true,"href":"https:\/\/truckdoctor.nl\/de\/wp-json\/wp\/v2\/product_tag?post=105944"}],"curies":[{"name":"wp","href":"https:\/\/api.w.org\/{rel}","templated":true}]}}