{"id":105450,"date":"2025-01-06T11:58:01","date_gmt":"2025-01-06T10:58:01","guid":{"rendered":"https:\/\/truckdoctor.nl\/product\/demineralisatietoestel\/"},"modified":"2025-01-06T11:58:01","modified_gmt":"2025-01-06T10:58:01","slug":"demineralisatietoestel","status":"publish","type":"product","link":"https:\/\/truckdoctor.nl\/de\/produkt\/demineralisatietoestel\/","title":{"rendered":"Entmineralisierer"},"content":{"rendered":"<p>Ger\u00e4t f\u00fcr demineralisiertes Wasser, um Leitungswasser in demineralisiertes Wasser zu filtern, das zum Nachf\u00fcllen Ihrer nassen Blei-S\u00e4ure-Batterien verwendet werden kann.<br \/>\nBis zu 2.400 Liter gefiltertes Leitungswasser.<br \/>\nMit Indikator. Gibt an, ob die Patrone ausgetauscht werden muss.<br \/>\nDie Kartusche kann separat bestellt werden. <\/p>\n","protected":false},"excerpt":{"rendered":"<p>Verwandelt Leitungswasser in demineralisiertes Wasser zum Bef\u00fcllen von Blei-S\u00e4ure-Batterien<\/p>\n","protected":false},"featured_media":104168,"template":"","meta":{"_et_pb_use_builder":"","_et_pb_old_content":"","_et_gb_content_width":"","inline_featured_image":false},"product_brand":[],"product_cat":[320],"product_tag":[251],"class_list":{"0":"post-105450","1":"product","2":"type-product","3":"status-publish","4":"has-post-thumbnail","6":"product_cat-webshop-de","7":"product_tag-verkauf","8":"product_shipping_class-schwer","10":"first","11":"instock","12":"taxable","13":"shipping-taxable","14":"purchasable","15":"product-type-simple"},"_links":{"self":[{"href":"https:\/\/truckdoctor.nl\/de\/wp-json\/wp\/v2\/product\/105450","targetHints":{"allow":["GET"]}}],"collection":[{"href":"https:\/\/truckdoctor.nl\/de\/wp-json\/wp\/v2\/product"}],"about":[{"href":"https:\/\/truckdoctor.nl\/de\/wp-json\/wp\/v2\/types\/product"}],"wp:featuredmedia":[{"embeddable":true,"href":"https:\/\/truckdoctor.nl\/de\/wp-json\/wp\/v2\/media\/104168"}],"wp:attachment":[{"href":"https:\/\/truckdoctor.nl\/de\/wp-json\/wp\/v2\/media?parent=105450"}],"wp:term":[{"taxonomy":"product_brand","embeddable":true,"href":"https:\/\/truckdoctor.nl\/de\/wp-json\/wp\/v2\/product_brand?post=105450"},{"taxonomy":"product_cat","embeddable":true,"href":"https:\/\/truckdoctor.nl\/de\/wp-json\/wp\/v2\/product_cat?post=105450"},{"taxonomy":"product_tag","embeddable":true,"href":"https:\/\/truckdoctor.nl\/de\/wp-json\/wp\/v2\/product_tag?post=105450"}],"curies":[{"name":"wp","href":"https:\/\/api.w.org\/{rel}","templated":true}]}}